{"id":87,"date":"2018-08-03T15:34:34","date_gmt":"2018-08-03T15:34:34","guid":{"rendered":"http:\/\/tradelingua.homepage.t-online.de\/wordpress\/?page_id=87"},"modified":"2018-08-28T08:21:18","modified_gmt":"2018-08-28T08:21:18","slug":"87-2","status":"publish","type":"page","link":"https:\/\/lahelena.de\/","title":{"rendered":""},"content":{"rendered":"<div><\/div>\n<div><\/div>\n<div>La Helena befindet sich in einem ruhigen Wohnviertel au\u00dferhalb vom malerischen Altea und liegt Luftlinie weniger als 500 Meter von der K\u00fcstenlinie entfernt.<\/div>\n<p>Das Haus verf\u00fcgt \u00fcber 2 Etagen: die obere Etage umfasst 2 Schlafzimmer, 1 Bad mit ebenerdiger Dusche, WC und Bidet, ein gro\u00dfz\u00fcgiges lichtdurchflutetes Wohnzimmer mit mehreren Sitzecken und die K\u00fcche.<\/p>\n<p>Die untere Etage ist ein reiner Schlafbereich und besteht aus 2 Schlafzimmern mit Ankleidezimmer und einem gro\u00dfen Bad mit ebenerdiger Dusche, Doppelwaschbecken, Badewanne, WC und Bidet.<\/p>\n<p>Die r\u00e4umliche Trennung der Schlafr\u00e4ume \u00fcber zwei Etagen macht es ideal f\u00fcr Freunde und Familien, die ihren Urlaub zusammen verbringen m\u00f6chten. Beide Etagen sind \u00fcber eine Wendeltreppe verbunden, wobei die untere Etage auch einen eigenen Zugang zum Garten hat.<\/p>\n<p>Bei einer Hausbelegung bis zu 4 Personen steht Ihnen die komplette obere Etage zur Verf\u00fcgung. Reisen Sie mit 5 oder mehr Personen an, k\u00f6nnen Sie auch die Schlafr\u00e4ume der unteren Etage beziehen.<\/p>\n<p>In der rustikalen K\u00fcche finden Sie alles, was Sie zum Kochen ben\u00f6tigen, und im Waschh\u00e4uschen neben dem Pool steht Ihnen eine Waschmaschine zur Verf\u00fcgung.<\/p>\n<p>Zwei gro\u00dfe Terrassen mit Salzwasser-Pool, Pergola, Gartentisch\/-st\u00fchle, 2 Entspannungsliegen und Barbecue bieten gen\u00fcgend Platz zum Essen und Entspannen an der frischen Luft.<\/p>\n<p>Sat-TV und kostenfreiem WLAN sind verf\u00fcgbar und Bettw\u00e4sche\/Handt\u00fccher werden gestellt.<\/p>\n<p>Das Grundst\u00fcck ist komplett eingez\u00e4unt und die Einfahrt verf\u00fcgt \u00fcber ein elektrisches Tor. Sie haben 100% Privatsph\u00e4re. Unter dem Carport und auf dem Grundst\u00fcck finden Sie gen\u00fcgend Platz, um Ihr Auto zu parken.<\/p>\n","protected":false},"excerpt":{"rendered":"<p>La Helena befindet sich in einem ruhigen Wohnviertel au\u00dferhalb vom malerischen Altea und liegt Luftlinie weniger als 500 Meter von der K\u00fcstenlinie entfernt. Das Haus verf\u00fcgt \u00fcber 2 Etagen: die obere Etage umfasst 2 Schlafzimmer, 1 Bad mit ebenerdiger Dusche, WC und Bidet, ein gro\u00dfz\u00fcgiges lichtdurchflutetes Wohnzimmer mit mehreren Sitzecken und die K\u00fcche. Die untere Etage ist ein reiner Schlafbereich und besteht aus 2 Schlafzimmern mit Ankleidezimmer und einem gro\u00dfen Bad mit ebenerdiger Dusche, Doppelwaschbecken, Badewanne, WC und Bidet. Die r\u00e4umliche Trennung der Schlafr\u00e4ume \u00fcber zwei Etagen macht es ideal f\u00fcr Freunde und Familien, die ihren Urlaub zusammen verbringen m\u00f6chten. Beide Etagen sind \u00fcber eine Wendeltreppe verbunden, wobei die untere Etage auch einen eigenen Zugang zum Garten hat. Bei einer Hausbelegung bis zu 4 Personen steht Ihnen die komplette obere Etage zur Verf\u00fcgung. Reisen Sie mit 5 oder mehr Personen an, k\u00f6nnen Sie auch die Schlafr\u00e4ume der unteren Etage beziehen. In der rustikalen K\u00fcche finden Sie alles, was Sie zum Kochen ben\u00f6tigen, und im Waschh\u00e4uschen neben dem Pool steht Ihnen eine Waschmaschine zur Verf\u00fcgung. Zwei gro\u00dfe Terrassen mit Salzwasser-Pool, Pergola, Gartentisch\/-st\u00fchle, 2 Entspannungsliegen und Barbecue bieten gen\u00fcgend Platz zum Essen und Entspannen an der frischen Luft. Sat-TV und kostenfreiem WLAN sind verf\u00fcgbar und Bettw\u00e4sche\/Handt\u00fccher werden gestellt. Das Grundst\u00fcck ist komplett eingez\u00e4unt und die Einfahrt verf\u00fcgt \u00fcber ein elektrisches Tor. Sie haben 100% Privatsph\u00e4re. Unter dem Carport und auf dem Grundst\u00fcck finden Sie gen\u00fcgend Platz, um Ihr Auto zu parken.<\/p>\n","protected":false},"author":1,"featured_media":0,"parent":0,"menu_order":0,"comment_status":"closed","ping_status":"closed","template":"","meta":{"footnotes":""},"class_list":["post-87","page","type-page","status-publish","hentry"],"_links":{"self":[{"href":"https:\/\/lahelena.de\/index.php\/wp-json\/wp\/v2\/pages\/87","targetHints":{"allow":["GET"]}}],"collection":[{"href":"https:\/\/lahelena.de\/index.php\/wp-json\/wp\/v2\/pages"}],"about":[{"href":"https:\/\/lahelena.de\/index.php\/wp-json\/wp\/v2\/types\/page"}],"author":[{"embeddable":true,"href":"https:\/\/lahelena.de\/index.php\/wp-json\/wp\/v2\/users\/1"}],"replies":[{"embeddable":true,"href":"https:\/\/lahelena.de\/index.php\/wp-json\/wp\/v2\/comments?post=87"}],"version-history":[{"count":9,"href":"https:\/\/lahelena.de\/index.php\/wp-json\/wp\/v2\/pages\/87\/revisions"}],"predecessor-version":[{"id":435,"href":"https:\/\/lahelena.de\/index.php\/wp-json\/wp\/v2\/pages\/87\/revisions\/435"}],"wp:attachment":[{"href":"https:\/\/lahelena.de\/index.php\/wp-json\/wp\/v2\/media?parent=87"}],"curies":[{"name":"wp","href":"https:\/\/api.w.org\/{rel}","templated":true}]}}