{"id":131,"date":"2018-08-03T15:35:13","date_gmt":"2018-08-03T15:35:13","guid":{"rendered":"http:\/\/tradelingua.homepage.t-online.de\/wordpress\/?page_id=131"},"modified":"2018-08-03T21:02:35","modified_gmt":"2018-08-03T21:02:35","slug":"lage","status":"publish","type":"page","link":"https:\/\/lahelena.de\/index.php\/lage\/","title":{"rendered":"Lage"},"content":{"rendered":"<p>Altea liegt ca. 45 km vom Flughafen Alicante entfernt. Sie k\u00f6nnen Altea \u00fcber die bezahlpflichtige Autobahn A7 oder \u00fcber die Hauptstra\u00dfe N-332 erreichen.<\/p>\n<p><img loading=\"lazy\" decoding=\"async\" class=\"alignnone wp-image-174 size-full\" src=\"http:\/\/tradelingua.homepage.t-online.de\/wordpress\/wp-content\/uploads\/2018\/08\/Route-1.png\" alt=\"\" width=\"747\" height=\"494\" srcset=\"https:\/\/lahelena.de\/wp-content\/uploads\/2018\/08\/Route-1.png 747w, https:\/\/lahelena.de\/wp-content\/uploads\/2018\/08\/Route-1-300x198.png 300w, https:\/\/lahelena.de\/wp-content\/uploads\/2018\/08\/Route-1-500x330.png 500w\" sizes=\"auto, (max-width: 747px) 100vw, 747px\" \/><\/p>\n<p>La Helena liegt in einem ruhigen Wohngebiet, 5 Minuten Fahrt entfernt von Strand und Orten zum Ausgehen.<\/p>\n<p><img loading=\"lazy\" decoding=\"async\" class=\"alignnone wp-image-173 \" src=\"http:\/\/tradelingua.homepage.t-online.de\/wordpress\/wp-content\/uploads\/2018\/08\/El_Planet-1.png\" alt=\"\" width=\"750\" height=\"373\" srcset=\"https:\/\/lahelena.de\/wp-content\/uploads\/2018\/08\/El_Planet-1.png 1090w, https:\/\/lahelena.de\/wp-content\/uploads\/2018\/08\/El_Planet-1-300x149.png 300w, https:\/\/lahelena.de\/wp-content\/uploads\/2018\/08\/El_Planet-1-768x382.png 768w, https:\/\/lahelena.de\/wp-content\/uploads\/2018\/08\/El_Planet-1-1024x509.png 1024w\" sizes=\"auto, (max-width: 750px) 100vw, 750px\" \/><\/p>\n<p>&nbsp;<\/p>\n","protected":false},"excerpt":{"rendered":"<p>Altea liegt ca. 45 km vom Flughafen Alicante entfernt. Sie k\u00f6nnen Altea \u00fcber die bezahlpflichtige Autobahn A7 oder \u00fcber die Hauptstra\u00dfe N-332 erreichen. La Helena liegt in einem ruhigen Wohngebiet, 5 Minuten Fahrt entfernt von Strand und Orten zum Ausgehen. &nbsp;<\/p>\n","protected":false},"author":1,"featured_media":0,"parent":0,"menu_order":0,"comment_status":"closed","ping_status":"closed","template":"","meta":{"footnotes":""},"class_list":["post-131","page","type-page","status-publish","hentry"],"_links":{"self":[{"href":"https:\/\/lahelena.de\/index.php\/wp-json\/wp\/v2\/pages\/131","targetHints":{"allow":["GET"]}}],"collection":[{"href":"https:\/\/lahelena.de\/index.php\/wp-json\/wp\/v2\/pages"}],"about":[{"href":"https:\/\/lahelena.de\/index.php\/wp-json\/wp\/v2\/types\/page"}],"author":[{"embeddable":true,"href":"https:\/\/lahelena.de\/index.php\/wp-json\/wp\/v2\/users\/1"}],"replies":[{"embeddable":true,"href":"https:\/\/lahelena.de\/index.php\/wp-json\/wp\/v2\/comments?post=131"}],"version-history":[{"count":3,"href":"https:\/\/lahelena.de\/index.php\/wp-json\/wp\/v2\/pages\/131\/revisions"}],"predecessor-version":[{"id":176,"href":"https:\/\/lahelena.de\/index.php\/wp-json\/wp\/v2\/pages\/131\/revisions\/176"}],"wp:attachment":[{"href":"https:\/\/lahelena.de\/index.php\/wp-json\/wp\/v2\/media?parent=131"}],"curies":[{"name":"wp","href":"https:\/\/api.w.org\/{rel}","templated":true}]}}