{"id":102,"date":"2018-08-03T15:21:23","date_gmt":"2018-08-03T15:21:23","guid":{"rendered":"http:\/\/tradelingua.homepage.t-online.de\/wordpress\/?page_id=102"},"modified":"2018-08-09T16:35:18","modified_gmt":"2018-08-09T16:35:18","slug":"zimmer","status":"publish","type":"page","link":"https:\/\/lahelena.de\/index.php\/zimmer\/","title":{"rendered":"Zimmer"},"content":{"rendered":"<div><\/div>\n<div><\/div>\n<h4>Ausstattung<\/h4>\n<p>4 Schlafzimmer verteilt auf zwei Etagen:<\/p>\n<ul>\n<li>Zimmer 1 (OG): Doppelbett<\/li>\n<li>Zimmer 2 (OG): 2 Einzelbetten mit jeweils Unterbett<\/li>\n<li>Zimmer 3 (UG): Doppelbett<\/li>\n<li>Zimmer 4 (UG): 2 Einzelbetten<\/li>\n<\/ul>\n<p>Bettw\u00e4sche\/Handt\u00fccher werden gestellt.<\/p>\n<h4>K\u00fcche<\/h4>\n<p>Rustikale vollausgestattete K\u00fcche:<\/p>\n<ul>\n<li>Gasherd, Kaffeemaschine, Mikrowelle, Wasserkocher, Toaster, Besteck, Geschirr, Kocht\u00f6pfe<\/li>\n<li>B\u00fcgeleisen, Staubsauger<\/li>\n<li>Waschmaschine im Waschh\u00e4uschen neben dem Pool<\/li>\n<\/ul>\n","protected":false},"excerpt":{"rendered":"<p>Ausstattung 4 Schlafzimmer verteilt auf zwei Etagen: Zimmer 1 (OG): Doppelbett Zimmer 2 (OG): 2 Einzelbetten mit jeweils Unterbett Zimmer 3 (UG): Doppelbett Zimmer 4 (UG): 2 Einzelbetten Bettw\u00e4sche\/Handt\u00fccher werden gestellt. K\u00fcche Rustikale vollausgestattete K\u00fcche: Gasherd, Kaffeemaschine, Mikrowelle, Wasserkocher, Toaster, Besteck, Geschirr, Kocht\u00f6pfe B\u00fcgeleisen, Staubsauger Waschmaschine im Waschh\u00e4uschen neben dem Pool<\/p>\n","protected":false},"author":1,"featured_media":0,"parent":0,"menu_order":0,"comment_status":"closed","ping_status":"closed","template":"","meta":{"footnotes":""},"class_list":["post-102","page","type-page","status-publish","hentry"],"_links":{"self":[{"href":"https:\/\/lahelena.de\/index.php\/wp-json\/wp\/v2\/pages\/102","targetHints":{"allow":["GET"]}}],"collection":[{"href":"https:\/\/lahelena.de\/index.php\/wp-json\/wp\/v2\/pages"}],"about":[{"href":"https:\/\/lahelena.de\/index.php\/wp-json\/wp\/v2\/types\/page"}],"author":[{"embeddable":true,"href":"https:\/\/lahelena.de\/index.php\/wp-json\/wp\/v2\/users\/1"}],"replies":[{"embeddable":true,"href":"https:\/\/lahelena.de\/index.php\/wp-json\/wp\/v2\/comments?post=102"}],"version-history":[{"count":6,"href":"https:\/\/lahelena.de\/index.php\/wp-json\/wp\/v2\/pages\/102\/revisions"}],"predecessor-version":[{"id":423,"href":"https:\/\/lahelena.de\/index.php\/wp-json\/wp\/v2\/pages\/102\/revisions\/423"}],"wp:attachment":[{"href":"https:\/\/lahelena.de\/index.php\/wp-json\/wp\/v2\/media?parent=102"}],"curies":[{"name":"wp","href":"https:\/\/api.w.org\/{rel}","templated":true}]}}